{"id":986,"date":"2021-03-12T10:22:13","date_gmt":"2021-03-12T10:22:13","guid":{"rendered":"http:\/\/devisesolutions.pt\/dev\/?page_id=986"},"modified":"2021-05-11T13:01:16","modified_gmt":"2021-05-11T13:01:16","slug":"pfaff","status":"publish","type":"page","link":"http:\/\/devisesolutions.pt\/dev\/pfaff\/","title":{"rendered":"Pfaff"},"content":{"rendered":"\t\t<div data-elementor-type=\"wp-page\" data-elementor-id=\"986\" class=\"elementor elementor-986\">\n\t\t\t\t\t\t<section class=\"elementor-section elementor-top-section elementor-element elementor-element-35717737 elementor-section-stretched elementor-section-boxed elementor-section-height-default elementor-section-height-default\" data-id=\"35717737\" data-element_type=\"section\" data-e-type=\"section\" data-settings=\"{&quot;stretch_section&quot;:&quot;section-stretched&quot;,&quot;background_background&quot;:&quot;classic&quot;,&quot;shape_divider_top&quot;:&quot;tilt&quot;}\">\n\t\t\t\t\t<div class=\"elementor-shape elementor-shape-top\" aria-hidden=\"true\" data-negative=\"false\">\n\t\t\t<svg xmlns=\"http:\/\/www.w3.org\/2000\/svg\" viewBox=\"0 0 1000 100\" preserveAspectRatio=\"none\">\n\t<path class=\"elementor-shape-fill\" d=\"M0,6V0h1000v100L0,6z\"\/>\n<\/svg>\t\t<\/div>\n\t\t\t\t\t<div class=\"elementor-container elementor-column-gap-default\">\n\t\t\t\t\t<div class=\"aux-parallax-section elementor-column elementor-col-100 elementor-top-column elementor-element elementor-element-40c9194 aux-appear-watch-animation aux-fade-in-right\" data-id=\"40c9194\" data-element_type=\"column\" data-e-type=\"column\">\n\t\t\t<div class=\"elementor-widget-wrap elementor-element-populated\">\n\t\t\t\t\t\t<div class=\"elementor-element elementor-element-59805f66 elementor-widget elementor-widget-aux_modern_heading\" data-id=\"59805f66\" data-element_type=\"widget\" data-e-type=\"widget\" data-widget_type=\"aux_modern_heading.default\">\n\t\t\t\t<div class=\"elementor-widget-container\">\n\t\t\t\t\t<section class=\"aux-widget-modern-heading\">\n            <div class=\"aux-widget-inner\"><h2 class=\"aux-modern-heading-primary\">PFAFF<\/h2><\/div>\n        <\/section>\t\t\t\t<\/div>\n\t\t\t\t<\/div>\n\t\t\t\t\t<\/div>\n\t\t<\/div>\n\t\t\t\t\t<\/div>\n\t\t<\/section>\n\t\t\t\t<section class=\"elementor-section elementor-top-section elementor-element elementor-element-a8d6cf0 elementor-section-boxed elementor-section-height-default elementor-section-height-default\" data-id=\"a8d6cf0\" data-element_type=\"section\" data-e-type=\"section\" data-settings=\"{&quot;background_background&quot;:&quot;classic&quot;}\">\n\t\t\t\t\t\t<div class=\"elementor-container elementor-column-gap-default\">\n\t\t\t\t\t<div class=\"aux-parallax-section elementor-column elementor-col-50 elementor-top-column elementor-element elementor-element-1469739\" data-id=\"1469739\" data-element_type=\"column\" data-e-type=\"column\">\n\t\t\t<div class=\"elementor-widget-wrap elementor-element-populated\">\n\t\t\t\t\t\t<div class=\"elementor-element elementor-element-4907465 elementor-widget elementor-widget-text-editor\" data-id=\"4907465\" data-element_type=\"widget\" data-e-type=\"widget\" data-widget_type=\"text-editor.default\">\n\t\t\t\t<div class=\"elementor-widget-container\">\n\t\t\t\t\t\t\t\t\t<p><strong>&#8220;Innovation, competence, performance and quality&#8230; These are the priciples of the 150 years of history&#8221;<\/strong><\/p><p>&#8211; pfaff-industrial.com<\/p><p>Desde de que Georg Michael Pfaff criou a sua primeira m\u00e1quina de costura em 1862, a Pfaff Industrial tornou-se a \u201cmarca l\u00edder em engenharia de automa\u00e7\u00e3o de costura e processos de costura a quente\u201d. Os mais de 150 anos e experi\u00eancia trouxeram conhecimento em diferentes t\u00e9cnicas de uni\u00e3o, assim como um departamento de investiga\u00e7\u00e3o e desenvolvimento que mant\u00e9m a empresa capaz de estabelecer novas tend\u00eancias de mercado e de expandir a sua rede de clientes mundiais, conquistando e mantendo a sua confian\u00e7a nos produtos e servi\u00e7os Pfaff.<\/p>\t\t\t\t\t\t\t\t<\/div>\n\t\t\t\t<\/div>\n\t\t\t\t<div class=\"elementor-element elementor-element-4b113a7 elementor-widget elementor-widget-aux_modern_button\" data-id=\"4b113a7\" data-element_type=\"widget\" data-e-type=\"widget\" data-widget_type=\"aux_modern_button.default\">\n\t\t\t\t<div class=\"elementor-widget-container\">\n\t\t\t\t\t    <div class=\"aux-modern-button-wrapper aux-modern-button-align-center\" >\n                    <a class=\"aux-modern-button aux-black aux-modern-button-md aux-modern-button-normal aux-modern-button-default aux-icon-right\" href=\"https:\/\/www.pfaff-industrial.com\/en\">\n                <div class=\"aux-overlay\"><\/div>\n                                    <div class=\"aux-icon \">\n                        <i aria-hidden=\"true\" class=\"fas fa-angle-right\"><\/i>                    <\/div>\n                                <div class=\"aux-text\">\n<span class=\"aux-text-before\">Ir para o site da Pfaff<\/span>                <\/div>\n            <\/a>\n            \n    <\/div>\n\n    \t\t\t\t<\/div>\n\t\t\t\t<\/div>\n\t\t\t\t\t<\/div>\n\t\t<\/div>\n\t\t\t\t<div class=\"aux-parallax-section elementor-column elementor-col-50 elementor-top-column elementor-element elementor-element-ef1ec6a\" data-id=\"ef1ec6a\" data-element_type=\"column\" data-e-type=\"column\">\n\t\t\t<div class=\"elementor-widget-wrap elementor-element-populated\">\n\t\t\t\t\t\t<div class=\"elementor-element elementor-element-5543e4e elementor-widget elementor-widget-image\" data-id=\"5543e4e\" data-element_type=\"widget\" data-e-type=\"widget\" data-widget_type=\"image.default\">\n\t\t\t\t<div class=\"elementor-widget-container\">\n\t\t\t\t\t\t\t\t\t\t\t\t\t\t\t<img fetchpriority=\"high\" decoding=\"async\" width=\"500\" height=\"200\" src=\"https:\/\/devisesolutions.pt\/dev\/wp-content\/uploads\/2021\/03\/logo500x200-1.png\" class=\"attachment-large size-large wp-image-961\" alt=\"\" \/>\t\t\t\t\t\t\t\t\t\t\t\t\t\t\t<\/div>\n\t\t\t\t<\/div>\n\t\t\t\t\t<\/div>\n\t\t<\/div>\n\t\t\t\t\t<\/div>\n\t\t<\/section>\n\t\t\t\t<section class=\"elementor-section elementor-top-section elementor-element elementor-element-793fabc elementor-section-boxed elementor-section-height-default elementor-section-height-default\" data-id=\"793fabc\" data-element_type=\"section\" data-e-type=\"section\" data-settings=\"{&quot;shape_divider_top&quot;:&quot;tilt&quot;,&quot;shape_divider_bottom&quot;:&quot;tilt&quot;}\">\n\t\t\t\t\t<div class=\"elementor-shape elementor-shape-top\" aria-hidden=\"true\" data-negative=\"false\">\n\t\t\t<svg xmlns=\"http:\/\/www.w3.org\/2000\/svg\" viewBox=\"0 0 1000 100\" preserveAspectRatio=\"none\">\n\t<path class=\"elementor-shape-fill\" d=\"M0,6V0h1000v100L0,6z\"\/>\n<\/svg>\t\t<\/div>\n\t\t\t\t<div class=\"elementor-shape elementor-shape-bottom\" aria-hidden=\"true\" data-negative=\"false\">\n\t\t\t<svg xmlns=\"http:\/\/www.w3.org\/2000\/svg\" viewBox=\"0 0 1000 100\" preserveAspectRatio=\"none\">\n\t<path class=\"elementor-shape-fill\" d=\"M0,6V0h1000v100L0,6z\"\/>\n<\/svg>\t\t<\/div>\n\t\t\t\t\t<div class=\"elementor-container elementor-column-gap-default\">\n\t\t\t\t\t<div class=\"aux-parallax-section elementor-column elementor-col-100 elementor-top-column elementor-element elementor-element-5231382\" data-id=\"5231382\" data-element_type=\"column\" data-e-type=\"column\">\n\t\t\t<div class=\"elementor-widget-wrap elementor-element-populated\">\n\t\t\t\t\t\t<div class=\"elementor-element elementor-element-52778ef elementor-widget elementor-widget-heading\" data-id=\"52778ef\" data-element_type=\"widget\" data-e-type=\"widget\" data-widget_type=\"heading.default\">\n\t\t\t\t<div class=\"elementor-widget-container\">\n\t\t\t\t\t<h1 class=\"elementor-heading-title elementor-size-default\">Produtos<\/h1>\t\t\t\t<\/div>\n\t\t\t\t<\/div>\n\t\t\t\t<section class=\"elementor-section elementor-inner-section elementor-element elementor-element-83ca670 elementor-section-boxed elementor-section-height-default elementor-section-height-default\" data-id=\"83ca670\" data-element_type=\"section\" data-e-type=\"section\">\n\t\t\t\t\t\t<div class=\"elementor-container elementor-column-gap-default\">\n\t\t\t\t\t<div class=\"aux-parallax-section elementor-column elementor-col-50 elementor-inner-column elementor-element elementor-element-ebd5567\" data-id=\"ebd5567\" data-element_type=\"column\" data-e-type=\"column\">\n\t\t\t<div class=\"elementor-widget-wrap elementor-element-populated\">\n\t\t\t\t\t\t<div class=\"elementor-element elementor-element-8c86850 elementor-widget elementor-widget-aux_image\" data-id=\"8c86850\" data-element_type=\"widget\" data-e-type=\"widget\" data-widget_type=\"aux_image.default\">\n\t\t\t\t<div class=\"elementor-widget-container\">\n\t\t\t\t\t<section class=\"widget-container aux-widget-image aux-alignnone aux-parent-auf11dd795\">\n    <div class=\"aux-media-hint-frame \">\n        <div class=\"aux-media-image aux-hover-active\" >\n                    <a class=\"\" href=\"http:\/\/devisesolutions.pt\/dev\/pfaff-3589\" data-elementor-open-lightbox=\"no\" data-original-width=\"1280\" data-original-height=\"1280\" data-caption=\"3589comlogo\" target=\"_self\"  >\n        \n            \n\n            \n            <img decoding=\"async\" width=\"1024\" height=\"1024\" src=\"http:\/\/devisesolutions.pt\/dev\/wp-content\/uploads\/2021\/03\/3589comlogo-1-1024x1024.png\" class=\"aux-attachment aux-featured-image aux-attachment-id-1005\" alt=\"3589comlogo\" srcset=\"http:\/\/devisesolutions.pt\/dev\/wp-content\/uploads\/2021\/03\/3589comlogo-1-150x150.png 150w,http:\/\/devisesolutions.pt\/dev\/wp-content\/uploads\/2021\/03\/3589comlogo-1-300x300.png 300w,http:\/\/devisesolutions.pt\/dev\/wp-content\/uploads\/2021\/03\/3589comlogo-1-768x768.png 768w,http:\/\/devisesolutions.pt\/dev\/wp-content\/uploads\/2021\/03\/3589comlogo-1-1024x1024.png 1024w,http:\/\/devisesolutions.pt\/dev\/wp-content\/uploads\/2021\/03\/3589comlogo-1-1024x1024.png 1024w\" data-ratio=\"1\" data-original-w=\"1280\" sizes=\"(max-width:479px) 480px,(max-width:767px) 768px,(max-width:1023px) 1024px,1024px\" \/>            \n                    <\/a>\n                <\/div>\n    <\/div>\n\n<\/section><!-- widget-container -->\t\t\t\t<\/div>\n\t\t\t\t<\/div>\n\t\t\t\t\t<\/div>\n\t\t<\/div>\n\t\t\t\t<div class=\"aux-parallax-section elementor-column elementor-col-50 elementor-inner-column elementor-element elementor-element-36ec78b\" data-id=\"36ec78b\" data-element_type=\"column\" data-e-type=\"column\">\n\t\t\t<div class=\"elementor-widget-wrap elementor-element-populated\">\n\t\t\t\t\t\t<div class=\"elementor-element elementor-element-8a62d71 elementor-widget elementor-widget-aux_modern_heading\" data-id=\"8a62d71\" data-element_type=\"widget\" data-e-type=\"widget\" data-widget_type=\"aux_modern_heading.default\">\n\t\t\t\t<div class=\"elementor-widget-container\">\n\t\t\t\t\t<section class=\"aux-widget-modern-heading\">\n            <div class=\"aux-widget-inner\"><h2 class=\"aux-modern-heading-primary\">PFAFF 3589<\/h2><h3 class=\"aux-modern-heading-secondary\"><span class=\"aux-head-highlight\">M\u00e1quina Autom\u00e1tica de Pregar Bolsos com Duas Cabe\u00e7as de Costura<\/span><\/h3><div class=\"aux-modern-heading-divider\"><\/div><div class=\"aux-modern-heading-description\"><p>Clique na imagem para saber mais sobre este produto<\/p><\/div><\/div>\n        <\/section>\t\t\t\t<\/div>\n\t\t\t\t<\/div>\n\t\t\t\t\t<\/div>\n\t\t<\/div>\n\t\t\t\t\t<\/div>\n\t\t<\/section>\n\t\t\t\t<section class=\"elementor-section elementor-inner-section elementor-element elementor-element-3b21582 elementor-section-boxed elementor-section-height-default elementor-section-height-default\" data-id=\"3b21582\" data-element_type=\"section\" data-e-type=\"section\">\n\t\t\t\t\t\t<div class=\"elementor-container elementor-column-gap-default\">\n\t\t\t\t\t<div class=\"aux-parallax-section elementor-column elementor-col-50 elementor-inner-column elementor-element elementor-element-b80c424\" data-id=\"b80c424\" data-element_type=\"column\" data-e-type=\"column\">\n\t\t\t<div class=\"elementor-widget-wrap elementor-element-populated\">\n\t\t\t\t\t\t<div class=\"elementor-element elementor-element-bf5415e elementor-widget elementor-widget-aux_modern_heading\" data-id=\"bf5415e\" data-element_type=\"widget\" data-e-type=\"widget\" data-widget_type=\"aux_modern_heading.default\">\n\t\t\t\t<div class=\"elementor-widget-container\">\n\t\t\t\t\t<section class=\"aux-widget-modern-heading\">\n            <div class=\"aux-widget-inner\"><h2 class=\"aux-modern-heading-primary\">PFAFF 3819<\/h2><h3 class=\"aux-modern-heading-secondary\"><span class=\"aux-head-highlight\">M\u00e1quina de Cintos em Cal\u00e7as de Ganga e Roupa de Trabalho<\/span><\/h3><div class=\"aux-modern-heading-divider\"><\/div><div class=\"aux-modern-heading-description\"><p>Clique na imagem para saber mais sobre este produto<\/p><\/div><\/div>\n        <\/section>\t\t\t\t<\/div>\n\t\t\t\t<\/div>\n\t\t\t\t\t<\/div>\n\t\t<\/div>\n\t\t\t\t<div class=\"aux-parallax-section elementor-column elementor-col-50 elementor-inner-column elementor-element elementor-element-67163fe\" data-id=\"67163fe\" data-element_type=\"column\" data-e-type=\"column\">\n\t\t\t<div class=\"elementor-widget-wrap elementor-element-populated\">\n\t\t\t\t\t\t<div class=\"elementor-element elementor-element-283f295 elementor-widget elementor-widget-aux_image\" data-id=\"283f295\" data-element_type=\"widget\" data-e-type=\"widget\" data-widget_type=\"aux_image.default\">\n\t\t\t\t<div class=\"elementor-widget-container\">\n\t\t\t\t\t<section class=\"widget-container aux-widget-image aux-alignnone aux-parent-au14a4c1a5\">\n    <div class=\"aux-media-hint-frame \">\n        <div class=\"aux-media-image aux-hover-active\" >\n                    <a class=\"\" href=\"http:\/\/devisesolutions.pt\/dev\/pfaff-3819\" data-elementor-open-lightbox=\"no\" data-original-width=\"1280\" data-original-height=\"1280\" data-caption=\"3819\" target=\"_self\"  >\n        \n            \n\n            \n            <img decoding=\"async\" width=\"1024\" height=\"1024\" src=\"http:\/\/devisesolutions.pt\/dev\/wp-content\/uploads\/2021\/03\/3819-1024x1024.png\" class=\"aux-attachment aux-featured-image aux-attachment-id-1039\" alt=\"3819\" srcset=\"http:\/\/devisesolutions.pt\/dev\/wp-content\/uploads\/2021\/03\/3819-150x150.png 150w,http:\/\/devisesolutions.pt\/dev\/wp-content\/uploads\/2021\/03\/3819-300x300.png 300w,http:\/\/devisesolutions.pt\/dev\/wp-content\/uploads\/2021\/03\/3819-768x768.png 768w,http:\/\/devisesolutions.pt\/dev\/wp-content\/uploads\/2021\/03\/3819-1024x1024.png 1024w,http:\/\/devisesolutions.pt\/dev\/wp-content\/uploads\/2021\/03\/3819-1024x1024.png 1024w\" data-ratio=\"1\" data-original-w=\"1280\" sizes=\"(max-width:479px) 480px,(max-width:767px) 768px,(max-width:1023px) 1024px,1024px\" \/>            \n                    <\/a>\n                <\/div>\n    <\/div>\n\n<\/section><!-- widget-container -->\t\t\t\t<\/div>\n\t\t\t\t<\/div>\n\t\t\t\t\t<\/div>\n\t\t<\/div>\n\t\t\t\t\t<\/div>\n\t\t<\/section>\n\t\t\t\t\t<\/div>\n\t\t<\/div>\n\t\t\t\t\t<\/div>\n\t\t<\/section>\n\t\t\t\t<\/div>\n\t\t","protected":false},"excerpt":{"rendered":"<p>PFAFF &#8220;Innovation, competence, performance and quality&#8230; These are the priciples of the 150 years of history&#8221; &#8211; pfaff-industrial.com Desde de que Georg Michael Pfaff criou a sua primeira m\u00e1quina de costura em 1862, a Pfaff Industrial tornou-se a \u201cmarca l\u00edder em engenharia de automa\u00e7\u00e3o de costura e processos de costura a quente\u201d. Os mais de [&hellip;]<\/p>\n","protected":false},"author":1,"featured_media":0,"parent":0,"menu_order":0,"comment_status":"closed","ping_status":"closed","template":"","meta":{"footnotes":""},"class_list":["post-986","page","type-page","status-publish","hentry"],"_links":{"self":[{"href":"http:\/\/devisesolutions.pt\/dev\/wp-json\/wp\/v2\/pages\/986","targetHints":{"allow":["GET"]}}],"collection":[{"href":"http:\/\/devisesolutions.pt\/dev\/wp-json\/wp\/v2\/pages"}],"about":[{"href":"http:\/\/devisesolutions.pt\/dev\/wp-json\/wp\/v2\/types\/page"}],"author":[{"embeddable":true,"href":"http:\/\/devisesolutions.pt\/dev\/wp-json\/wp\/v2\/users\/1"}],"replies":[{"embeddable":true,"href":"http:\/\/devisesolutions.pt\/dev\/wp-json\/wp\/v2\/comments?post=986"}],"version-history":[{"count":111,"href":"http:\/\/devisesolutions.pt\/dev\/wp-json\/wp\/v2\/pages\/986\/revisions"}],"predecessor-version":[{"id":2608,"href":"http:\/\/devisesolutions.pt\/dev\/wp-json\/wp\/v2\/pages\/986\/revisions\/2608"}],"wp:attachment":[{"href":"http:\/\/devisesolutions.pt\/dev\/wp-json\/wp\/v2\/media?parent=986"}],"curies":[{"name":"wp","href":"https:\/\/api.w.org\/{rel}","templated":true}]}}