{"id":976,"date":"2021-03-12T10:07:12","date_gmt":"2021-03-12T10:07:12","guid":{"rendered":"http:\/\/devisesolutions.pt\/dev\/?page_id=976"},"modified":"2021-09-20T12:41:57","modified_gmt":"2021-09-20T12:41:57","slug":"maica","status":"publish","type":"page","link":"http:\/\/devisesolutions.pt\/dev\/maica\/","title":{"rendered":"Maica"},"content":{"rendered":"\t\t<div data-elementor-type=\"wp-page\" data-elementor-id=\"976\" class=\"elementor elementor-976\">\n\t\t\t\t\t\t<section class=\"elementor-section elementor-top-section elementor-element elementor-element-66fc31e4 elementor-section-stretched elementor-section-boxed elementor-section-height-default elementor-section-height-default\" data-id=\"66fc31e4\" data-element_type=\"section\" data-e-type=\"section\" data-settings=\"{&quot;stretch_section&quot;:&quot;section-stretched&quot;,&quot;background_background&quot;:&quot;classic&quot;,&quot;shape_divider_top&quot;:&quot;tilt&quot;}\">\n\t\t\t\t\t<div class=\"elementor-shape elementor-shape-top\" aria-hidden=\"true\" data-negative=\"false\">\n\t\t\t<svg xmlns=\"http:\/\/www.w3.org\/2000\/svg\" viewBox=\"0 0 1000 100\" preserveAspectRatio=\"none\">\n\t<path class=\"elementor-shape-fill\" d=\"M0,6V0h1000v100L0,6z\"\/>\n<\/svg>\t\t<\/div>\n\t\t\t\t\t<div class=\"elementor-container elementor-column-gap-default\">\n\t\t\t\t\t<div class=\"aux-parallax-section elementor-column elementor-col-100 elementor-top-column elementor-element elementor-element-192436dc aux-appear-watch-animation aux-fade-in-right\" data-id=\"192436dc\" data-element_type=\"column\" data-e-type=\"column\">\n\t\t\t<div class=\"elementor-widget-wrap elementor-element-populated\">\n\t\t\t\t\t\t<div class=\"elementor-element elementor-element-2c3bc260 elementor-widget elementor-widget-aux_modern_heading\" data-id=\"2c3bc260\" data-element_type=\"widget\" data-e-type=\"widget\" data-widget_type=\"aux_modern_heading.default\">\n\t\t\t\t<div class=\"elementor-widget-container\">\n\t\t\t\t\t<section class=\"aux-widget-modern-heading\">\n            <div class=\"aux-widget-inner\"><h2 class=\"aux-modern-heading-primary\">MAICA<\/h2><\/div>\n        <\/section>\t\t\t\t<\/div>\n\t\t\t\t<\/div>\n\t\t\t\t\t<\/div>\n\t\t<\/div>\n\t\t\t\t\t<\/div>\n\t\t<\/section>\n\t\t\t\t<section class=\"elementor-section elementor-top-section elementor-element elementor-element-053e36e elementor-section-boxed elementor-section-height-default elementor-section-height-default\" data-id=\"053e36e\" data-element_type=\"section\" data-e-type=\"section\" data-settings=\"{&quot;background_background&quot;:&quot;classic&quot;}\">\n\t\t\t\t\t\t<div class=\"elementor-container elementor-column-gap-default\">\n\t\t\t\t\t<div class=\"aux-parallax-section elementor-column elementor-col-50 elementor-top-column elementor-element elementor-element-ac350c4\" data-id=\"ac350c4\" data-element_type=\"column\" data-e-type=\"column\">\n\t\t\t<div class=\"elementor-widget-wrap elementor-element-populated\">\n\t\t\t\t\t\t<div class=\"elementor-element elementor-element-cbbcf1b elementor-widget elementor-widget-text-editor\" data-id=\"cbbcf1b\" data-element_type=\"widget\" data-e-type=\"widget\" data-widget_type=\"text-editor.default\">\n\t\t\t\t<div class=\"elementor-widget-container\">\n\t\t\t\t\t\t\t\t\t<p><strong>&#8220;A dynamic company wich designs and realizes innovative and patented automatic sewing systems.&#8221;<\/strong><\/p><p>&#8211; maicaitalia.com<\/p><p>Criada em 1977, a Maica come\u00e7ou por criar um \u201cnovo tipo de m\u00e1quinas de prensa para bolsos\u201d. Durante mais de 40 anos de exist\u00eancia, esta empresa desenhou e produziu diversas m\u00e1quinas inovadoras, que s\u00e3o \u00fanicas no mercado e algumas das quais est\u00e3o patenteadas. Trabalham com a filosofia e \u201cinvestiga\u00e7\u00e3o cont\u00ednua\u201d, o que levou \u00e0 cria\u00e7\u00e3o de sistemas de costura completamente automatizados, e o prop\u00f3sito de continuar a criar novos projetos.<\/p><p>\u00a0<\/p>\t\t\t\t\t\t\t\t<\/div>\n\t\t\t\t<\/div>\n\t\t\t\t<div class=\"elementor-element elementor-element-7339d45 elementor-widget elementor-widget-aux_modern_button\" data-id=\"7339d45\" data-element_type=\"widget\" data-e-type=\"widget\" data-widget_type=\"aux_modern_button.default\">\n\t\t\t\t<div class=\"elementor-widget-container\">\n\t\t\t\t\t    <div class=\"aux-modern-button-wrapper aux-modern-button-align-center\" >\n                    <a class=\"aux-modern-button aux-black aux-modern-button-md aux-modern-button-normal aux-modern-button-default aux-icon-right\" href=\"https:\/\/www.maicaitalia.com\/en\/\">\n                <div class=\"aux-overlay\"><\/div>\n                                    <div class=\"aux-icon \">\n                        <i aria-hidden=\"true\" class=\"fas fa-angle-right\"><\/i>                    <\/div>\n                                <div class=\"aux-text\">\n<span class=\"aux-text-before\">Ir para o site da Maica<\/span>                <\/div>\n            <\/a>\n            \n    <\/div>\n\n    \t\t\t\t<\/div>\n\t\t\t\t<\/div>\n\t\t\t\t\t<\/div>\n\t\t<\/div>\n\t\t\t\t<div class=\"aux-parallax-section elementor-column elementor-col-50 elementor-top-column elementor-element elementor-element-e019ce9\" data-id=\"e019ce9\" data-element_type=\"column\" data-e-type=\"column\">\n\t\t\t<div class=\"elementor-widget-wrap elementor-element-populated\">\n\t\t\t\t\t\t<div class=\"elementor-element elementor-element-2b71c8c elementor-widget elementor-widget-image\" data-id=\"2b71c8c\" data-element_type=\"widget\" data-e-type=\"widget\" data-widget_type=\"image.default\">\n\t\t\t\t<div class=\"elementor-widget-container\">\n\t\t\t\t\t\t\t\t\t\t\t\t\t\t\t<img fetchpriority=\"high\" decoding=\"async\" width=\"500\" height=\"200\" src=\"http:\/\/devisesolutions.pt\/dev\/wp-content\/uploads\/2021\/03\/logo500x200.png\" class=\"attachment-large size-large wp-image-960\" alt=\"\" \/>\t\t\t\t\t\t\t\t\t\t\t\t\t\t\t<\/div>\n\t\t\t\t<\/div>\n\t\t\t\t\t<\/div>\n\t\t<\/div>\n\t\t\t\t\t<\/div>\n\t\t<\/section>\n\t\t\t\t<section class=\"elementor-section elementor-top-section elementor-element elementor-element-71be28d elementor-section-boxed elementor-section-height-default elementor-section-height-default\" data-id=\"71be28d\" data-element_type=\"section\" data-e-type=\"section\" data-settings=\"{&quot;background_background&quot;:&quot;classic&quot;}\">\n\t\t\t\t\t\t<div class=\"elementor-container elementor-column-gap-default\">\n\t\t\t\t\t<div class=\"aux-parallax-section elementor-column elementor-col-100 elementor-top-column elementor-element elementor-element-1b3795c\" data-id=\"1b3795c\" data-element_type=\"column\" data-e-type=\"column\">\n\t\t\t<div class=\"elementor-widget-wrap elementor-element-populated\">\n\t\t\t\t\t\t<div class=\"elementor-element elementor-element-cbe1c9e elementor-widget elementor-widget-heading\" data-id=\"cbe1c9e\" data-element_type=\"widget\" data-e-type=\"widget\" data-widget_type=\"heading.default\">\n\t\t\t\t<div class=\"elementor-widget-container\">\n\t\t\t\t\t<h1 class=\"elementor-heading-title elementor-size-default\">Descubra a nossa oferta de produtos M.A.I.C.A.<\/h1>\t\t\t\t<\/div>\n\t\t\t\t<\/div>\n\t\t\t\t<div class=\"elementor-element elementor-element-46e2765 elementor-widget elementor-widget-text-editor\" data-id=\"46e2765\" data-element_type=\"widget\" data-e-type=\"widget\" data-widget_type=\"text-editor.default\">\n\t\t\t\t<div class=\"elementor-widget-container\">\n\t\t\t\t\t\t\t\t\t<iframe id=\"iframe_container\" src=\"https:\/\/prezi.com\/embed\/kxcwqorcketo\/\" width=\"00\" height=\"700\" frameborder=\"0\" allowfullscreen=\"allowfullscreen\"><\/iframe>\t\t\t\t\t\t\t\t<\/div>\n\t\t\t\t<\/div>\n\t\t\t\t\t<\/div>\n\t\t<\/div>\n\t\t\t\t\t<\/div>\n\t\t<\/section>\n\t\t\t\t<section class=\"elementor-section elementor-top-section elementor-element elementor-element-151487d9 elementor-section-boxed elementor-section-height-default elementor-section-height-default\" data-id=\"151487d9\" data-element_type=\"section\" data-e-type=\"section\" data-settings=\"{&quot;shape_divider_top&quot;:&quot;tilt&quot;,&quot;shape_divider_bottom&quot;:&quot;tilt&quot;}\">\n\t\t\t\t\t<div class=\"elementor-shape elementor-shape-top\" aria-hidden=\"true\" data-negative=\"false\">\n\t\t\t<svg xmlns=\"http:\/\/www.w3.org\/2000\/svg\" viewBox=\"0 0 1000 100\" preserveAspectRatio=\"none\">\n\t<path class=\"elementor-shape-fill\" d=\"M0,6V0h1000v100L0,6z\"\/>\n<\/svg>\t\t<\/div>\n\t\t\t\t<div class=\"elementor-shape elementor-shape-bottom\" aria-hidden=\"true\" data-negative=\"false\">\n\t\t\t<svg xmlns=\"http:\/\/www.w3.org\/2000\/svg\" viewBox=\"0 0 1000 100\" preserveAspectRatio=\"none\">\n\t<path class=\"elementor-shape-fill\" d=\"M0,6V0h1000v100L0,6z\"\/>\n<\/svg>\t\t<\/div>\n\t\t\t\t\t<div class=\"elementor-container elementor-column-gap-default\">\n\t\t\t\t\t<div class=\"aux-parallax-section elementor-column elementor-col-100 elementor-top-column elementor-element elementor-element-718d16ff\" data-id=\"718d16ff\" data-element_type=\"column\" data-e-type=\"column\">\n\t\t\t<div class=\"elementor-widget-wrap elementor-element-populated\">\n\t\t\t\t\t\t<div class=\"elementor-element elementor-element-4f4f8161 elementor-widget elementor-widget-heading\" data-id=\"4f4f8161\" data-element_type=\"widget\" data-e-type=\"widget\" data-widget_type=\"heading.default\">\n\t\t\t\t<div class=\"elementor-widget-container\">\n\t\t\t\t\t<h2 class=\"elementor-heading-title elementor-size-default\">Produtos<\/h2>\t\t\t\t<\/div>\n\t\t\t\t<\/div>\n\t\t\t\t<section class=\"elementor-section elementor-inner-section elementor-element elementor-element-18df7953 elementor-section-boxed elementor-section-height-default elementor-section-height-default\" data-id=\"18df7953\" data-element_type=\"section\" data-e-type=\"section\">\n\t\t\t\t\t\t<div class=\"elementor-container elementor-column-gap-default\">\n\t\t\t\t\t<div class=\"aux-parallax-section elementor-column elementor-col-50 elementor-inner-column elementor-element elementor-element-3d1993bc\" data-id=\"3d1993bc\" data-element_type=\"column\" data-e-type=\"column\">\n\t\t\t<div class=\"elementor-widget-wrap elementor-element-populated\">\n\t\t\t\t\t\t<div class=\"elementor-element elementor-element-19952103 elementor-widget elementor-widget-aux_modern_heading\" data-id=\"19952103\" data-element_type=\"widget\" data-e-type=\"widget\" data-widget_type=\"aux_modern_heading.default\">\n\t\t\t\t<div class=\"elementor-widget-container\">\n\t\t\t\t\t<section class=\"aux-widget-modern-heading\">\n            <div class=\"aux-widget-inner\"><h2 class=\"aux-modern-heading-primary\">MA 18<\/h2><h3 class=\"aux-modern-heading-secondary\"><span class=\"aux-head-highlight\">M\u00e1quina Autom\u00e1tica para Etiquetas e Bainhas de Bolsos<\/span><\/h3><div class=\"aux-modern-heading-divider\"><\/div><div class=\"aux-modern-heading-description\"><p>Clique na imagem para saber mais sobre este produto<\/p><\/div><\/div>\n        <\/section>\t\t\t\t<\/div>\n\t\t\t\t<\/div>\n\t\t\t\t\t<\/div>\n\t\t<\/div>\n\t\t\t\t<div class=\"aux-parallax-section elementor-column elementor-col-50 elementor-inner-column elementor-element elementor-element-43565f99\" data-id=\"43565f99\" data-element_type=\"column\" data-e-type=\"column\">\n\t\t\t<div class=\"elementor-widget-wrap elementor-element-populated\">\n\t\t\t\t\t\t<div class=\"elementor-element elementor-element-546567a4 elementor-widget elementor-widget-aux_image\" data-id=\"546567a4\" data-element_type=\"widget\" data-e-type=\"widget\" data-widget_type=\"aux_image.default\">\n\t\t\t\t<div class=\"elementor-widget-container\">\n\t\t\t\t\t<section class=\"widget-container aux-widget-image aux-alignnone aux-parent-au2a485ca2\">\n    <div class=\"aux-media-hint-frame \">\n        <div class=\"aux-media-image aux-hover-active\" >\n                    <a class=\"\" href=\"http:\/\/devisesolutions.pt\/dev\/maica-ma18\" data-elementor-open-lightbox=\"no\" data-original-width=\"1280\" data-original-height=\"1280\" data-caption=\"ma18_2\" target=\"_self\"  >\n        \n            \n\n            \n            <img decoding=\"async\" width=\"1024\" height=\"1024\" src=\"http:\/\/devisesolutions.pt\/dev\/wp-content\/uploads\/2021\/03\/ma18_2-1-1024x1024.png\" class=\"aux-attachment aux-featured-image aux-attachment-id-1179\" alt=\"ma18_2\" srcset=\"http:\/\/devisesolutions.pt\/dev\/wp-content\/uploads\/2021\/03\/ma18_2-1-150x150.png 150w,http:\/\/devisesolutions.pt\/dev\/wp-content\/uploads\/2021\/03\/ma18_2-1-300x300.png 300w,http:\/\/devisesolutions.pt\/dev\/wp-content\/uploads\/2021\/03\/ma18_2-1-768x768.png 768w,http:\/\/devisesolutions.pt\/dev\/wp-content\/uploads\/2021\/03\/ma18_2-1-1024x1024.png 1024w,http:\/\/devisesolutions.pt\/dev\/wp-content\/uploads\/2021\/03\/ma18_2-1-1024x1024.png 1024w\" data-ratio=\"1\" data-original-w=\"1280\" sizes=\"(max-width:479px) 480px,(max-width:767px) 768px,(max-width:1023px) 1024px,1024px\" \/>            \n                    <\/a>\n                <\/div>\n    <\/div>\n\n<\/section><!-- widget-container -->\t\t\t\t<\/div>\n\t\t\t\t<\/div>\n\t\t\t\t\t<\/div>\n\t\t<\/div>\n\t\t\t\t\t<\/div>\n\t\t<\/section>\n\t\t\t\t<section class=\"elementor-section elementor-inner-section elementor-element elementor-element-211b2b8 elementor-section-boxed elementor-section-height-default elementor-section-height-default\" data-id=\"211b2b8\" data-element_type=\"section\" data-e-type=\"section\">\n\t\t\t\t\t\t<div class=\"elementor-container elementor-column-gap-default\">\n\t\t\t\t\t<div class=\"aux-parallax-section elementor-column elementor-col-50 elementor-inner-column elementor-element elementor-element-65c4ae48\" data-id=\"65c4ae48\" data-element_type=\"column\" data-e-type=\"column\">\n\t\t\t<div class=\"elementor-widget-wrap elementor-element-populated\">\n\t\t\t\t\t\t<div class=\"elementor-element elementor-element-2c80366e elementor-widget elementor-widget-aux_image\" data-id=\"2c80366e\" data-element_type=\"widget\" data-e-type=\"widget\" data-widget_type=\"aux_image.default\">\n\t\t\t\t<div class=\"elementor-widget-container\">\n\t\t\t\t\t<section class=\"widget-container aux-widget-image aux-alignnone aux-parent-au06fac1ce\">\n    <div class=\"aux-media-hint-frame \">\n        <div class=\"aux-media-image aux-hover-active\" >\n                    <a class=\"\" href=\"http:\/\/devisesolutions.pt\/dev\/maica-uam01\" data-elementor-open-lightbox=\"no\" data-original-width=\"1280\" data-original-height=\"1280\" data-caption=\"UAM01comlogo\" target=\"_self\"  >\n        \n            \n\n            \n            <img decoding=\"async\" width=\"1024\" height=\"1024\" src=\"http:\/\/devisesolutions.pt\/dev\/wp-content\/uploads\/2021\/03\/UAM01comlogo-1024x1024.png\" class=\"aux-attachment aux-featured-image aux-attachment-id-1046\" alt=\"UAM01comlogo\" srcset=\"http:\/\/devisesolutions.pt\/dev\/wp-content\/uploads\/2021\/03\/UAM01comlogo-150x150.png 150w,http:\/\/devisesolutions.pt\/dev\/wp-content\/uploads\/2021\/03\/UAM01comlogo-300x300.png 300w,http:\/\/devisesolutions.pt\/dev\/wp-content\/uploads\/2021\/03\/UAM01comlogo-768x768.png 768w,http:\/\/devisesolutions.pt\/dev\/wp-content\/uploads\/2021\/03\/UAM01comlogo-1024x1024.png 1024w,http:\/\/devisesolutions.pt\/dev\/wp-content\/uploads\/2021\/03\/UAM01comlogo-1024x1024.png 1024w\" data-ratio=\"1\" data-original-w=\"1280\" sizes=\"(max-width:479px) 480px,(max-width:767px) 768px,(max-width:1023px) 1024px,1024px\" \/>            \n                    <\/a>\n                <\/div>\n    <\/div>\n\n<\/section><!-- widget-container -->\t\t\t\t<\/div>\n\t\t\t\t<\/div>\n\t\t\t\t\t<\/div>\n\t\t<\/div>\n\t\t\t\t<div class=\"aux-parallax-section elementor-column elementor-col-50 elementor-inner-column elementor-element elementor-element-b2135d5\" data-id=\"b2135d5\" data-element_type=\"column\" data-e-type=\"column\">\n\t\t\t<div class=\"elementor-widget-wrap elementor-element-populated\">\n\t\t\t\t\t\t<div class=\"elementor-element elementor-element-49d395fd elementor-widget elementor-widget-aux_modern_heading\" data-id=\"49d395fd\" data-element_type=\"widget\" data-e-type=\"widget\" data-widget_type=\"aux_modern_heading.default\">\n\t\t\t\t<div class=\"elementor-widget-container\">\n\t\t\t\t\t<section class=\"aux-widget-modern-heading\">\n            <div class=\"aux-widget-inner\"><h2 class=\"aux-modern-heading-primary\">UAM 01<\/h2><h3 class=\"aux-modern-heading-secondary\"><span class=\"aux-head-highlight\">M\u00e1quina Autom\u00e1tica de Pregar Bolsos<\/span><\/h3><div class=\"aux-modern-heading-divider\"><\/div><div class=\"aux-modern-heading-description\"><p>Clique na imagem para saber mais sobre este produto<\/p><\/div><\/div>\n        <\/section>\t\t\t\t<\/div>\n\t\t\t\t<\/div>\n\t\t\t\t\t<\/div>\n\t\t<\/div>\n\t\t\t\t\t<\/div>\n\t\t<\/section>\n\t\t\t\t<section class=\"elementor-section elementor-inner-section elementor-element elementor-element-a43773a elementor-section-boxed elementor-section-height-default elementor-section-height-default\" data-id=\"a43773a\" data-element_type=\"section\" data-e-type=\"section\">\n\t\t\t\t\t\t<div class=\"elementor-container elementor-column-gap-default\">\n\t\t\t\t\t<div class=\"aux-parallax-section elementor-column elementor-col-50 elementor-inner-column elementor-element elementor-element-7b9479d\" data-id=\"7b9479d\" data-element_type=\"column\" data-e-type=\"column\">\n\t\t\t<div class=\"elementor-widget-wrap elementor-element-populated\">\n\t\t\t\t\t\t<div class=\"elementor-element elementor-element-f4785e5 elementor-widget elementor-widget-aux_modern_heading\" data-id=\"f4785e5\" data-element_type=\"widget\" data-e-type=\"widget\" data-widget_type=\"aux_modern_heading.default\">\n\t\t\t\t<div class=\"elementor-widget-container\">\n\t\t\t\t\t<section class=\"aux-widget-modern-heading\">\n            <div class=\"aux-widget-inner\"><h2 class=\"aux-modern-heading-primary\">UAM 03<\/h2><h3 class=\"aux-modern-heading-secondary\"><span class=\"aux-head-highlight\">M\u00e1quina Autom\u00e1tica para Punhos e Colarinhos<\/span><\/h3><div class=\"aux-modern-heading-divider\"><\/div><div class=\"aux-modern-heading-description\"><p>Clique na imagem para saber mais sobre este produto<\/p><\/div><\/div>\n        <\/section>\t\t\t\t<\/div>\n\t\t\t\t<\/div>\n\t\t\t\t\t<\/div>\n\t\t<\/div>\n\t\t\t\t<div class=\"aux-parallax-section elementor-column elementor-col-50 elementor-inner-column elementor-element elementor-element-3813d16\" data-id=\"3813d16\" data-element_type=\"column\" data-e-type=\"column\">\n\t\t\t<div class=\"elementor-widget-wrap elementor-element-populated\">\n\t\t\t\t\t\t<div class=\"elementor-element elementor-element-4e3dd90 elementor-widget elementor-widget-aux_image\" data-id=\"4e3dd90\" data-element_type=\"widget\" data-e-type=\"widget\" data-widget_type=\"aux_image.default\">\n\t\t\t\t<div class=\"elementor-widget-container\">\n\t\t\t\t\t<section class=\"widget-container aux-widget-image aux-alignnone aux-parent-au4ca11d9d\">\n    <div class=\"aux-media-hint-frame \">\n        <div class=\"aux-media-image aux-hover-active\" >\n                    <a class=\"\" href=\"http:\/\/devisesolutions.pt\/dev\/maica-uam03\" data-elementor-open-lightbox=\"no\" data-original-width=\"1280\" data-original-height=\"1280\" data-caption=\"UAM03comlogo\" target=\"_self\"  >\n        \n            \n\n            \n            <img loading=\"lazy\" decoding=\"async\" width=\"1024\" height=\"1024\" src=\"http:\/\/devisesolutions.pt\/dev\/wp-content\/uploads\/2021\/03\/UAM03comlogo-1024x1024.png\" class=\"aux-attachment aux-featured-image aux-attachment-id-1047\" alt=\"UAM03comlogo\" srcset=\"http:\/\/devisesolutions.pt\/dev\/wp-content\/uploads\/2021\/03\/UAM03comlogo-150x150.png 150w,http:\/\/devisesolutions.pt\/dev\/wp-content\/uploads\/2021\/03\/UAM03comlogo-300x300.png 300w,http:\/\/devisesolutions.pt\/dev\/wp-content\/uploads\/2021\/03\/UAM03comlogo-768x768.png 768w,http:\/\/devisesolutions.pt\/dev\/wp-content\/uploads\/2021\/03\/UAM03comlogo-1024x1024.png 1024w,http:\/\/devisesolutions.pt\/dev\/wp-content\/uploads\/2021\/03\/UAM03comlogo-1024x1024.png 1024w\" data-ratio=\"1\" data-original-w=\"1280\" sizes=\"(max-width:479px) 480px,(max-width:767px) 768px,(max-width:1023px) 1024px,1024px\" \/>            \n                    <\/a>\n                <\/div>\n    <\/div>\n\n<\/section><!-- widget-container -->\t\t\t\t<\/div>\n\t\t\t\t<\/div>\n\t\t\t\t\t<\/div>\n\t\t<\/div>\n\t\t\t\t\t<\/div>\n\t\t<\/section>\n\t\t\t\t<section class=\"elementor-section elementor-inner-section elementor-element elementor-element-e00d638 elementor-section-boxed elementor-section-height-default elementor-section-height-default\" data-id=\"e00d638\" data-element_type=\"section\" data-e-type=\"section\">\n\t\t\t\t\t\t<div class=\"elementor-container elementor-column-gap-default\">\n\t\t\t\t\t<div class=\"aux-parallax-section elementor-column elementor-col-50 elementor-inner-column elementor-element elementor-element-bfa7b75\" data-id=\"bfa7b75\" data-element_type=\"column\" data-e-type=\"column\">\n\t\t\t<div class=\"elementor-widget-wrap elementor-element-populated\">\n\t\t\t\t\t\t<div class=\"elementor-element elementor-element-fbb3594 elementor-widget elementor-widget-aux_image\" data-id=\"fbb3594\" data-element_type=\"widget\" data-e-type=\"widget\" data-widget_type=\"aux_image.default\">\n\t\t\t\t<div class=\"elementor-widget-container\">\n\t\t\t\t\t<section class=\"widget-container aux-widget-image aux-alignnone aux-parent-au1fc9993a\">\n    <div class=\"aux-media-hint-frame \">\n        <div class=\"aux-media-image aux-hover-active\" >\n                    <a class=\"\" href=\"http:\/\/devisesolutions.pt\/dev\/maica-uam04\" data-elementor-open-lightbox=\"no\" data-original-width=\"1280\" data-original-height=\"1280\" data-caption=\"UAM04comlogo\" target=\"_self\"  >\n        \n            \n\n            \n            <img loading=\"lazy\" decoding=\"async\" width=\"1024\" height=\"1024\" src=\"http:\/\/devisesolutions.pt\/dev\/wp-content\/uploads\/2021\/03\/UAM04comlogo-1024x1024.png\" class=\"aux-attachment aux-featured-image aux-attachment-id-1048\" alt=\"UAM04comlogo\" srcset=\"http:\/\/devisesolutions.pt\/dev\/wp-content\/uploads\/2021\/03\/UAM04comlogo-150x150.png 150w,http:\/\/devisesolutions.pt\/dev\/wp-content\/uploads\/2021\/03\/UAM04comlogo-300x300.png 300w,http:\/\/devisesolutions.pt\/dev\/wp-content\/uploads\/2021\/03\/UAM04comlogo-768x768.png 768w,http:\/\/devisesolutions.pt\/dev\/wp-content\/uploads\/2021\/03\/UAM04comlogo-1024x1024.png 1024w,http:\/\/devisesolutions.pt\/dev\/wp-content\/uploads\/2021\/03\/UAM04comlogo-1024x1024.png 1024w\" data-ratio=\"1\" data-original-w=\"1280\" sizes=\"(max-width:479px) 480px,(max-width:767px) 768px,(max-width:1023px) 1024px,1024px\" \/>            \n                    <\/a>\n                <\/div>\n    <\/div>\n\n<\/section><!-- widget-container -->\t\t\t\t<\/div>\n\t\t\t\t<\/div>\n\t\t\t\t\t<\/div>\n\t\t<\/div>\n\t\t\t\t<div class=\"aux-parallax-section elementor-column elementor-col-50 elementor-inner-column elementor-element elementor-element-cb12ef1\" data-id=\"cb12ef1\" data-element_type=\"column\" data-e-type=\"column\">\n\t\t\t<div class=\"elementor-widget-wrap elementor-element-populated\">\n\t\t\t\t\t\t<div class=\"elementor-element elementor-element-f4bbff8 elementor-widget elementor-widget-aux_modern_heading\" data-id=\"f4bbff8\" data-element_type=\"widget\" data-e-type=\"widget\" data-widget_type=\"aux_modern_heading.default\">\n\t\t\t\t<div class=\"elementor-widget-container\">\n\t\t\t\t\t<section class=\"aux-widget-modern-heading\">\n            <div class=\"aux-widget-inner\"><h2 class=\"aux-modern-heading-primary\">UAM 04<\/h2><h3 class=\"aux-modern-heading-secondary\"><span class=\"aux-head-highlight\">M\u00e1quina Autom\u00e1tica de Carcelas<\/span><\/h3><div class=\"aux-modern-heading-divider\"><\/div><div class=\"aux-modern-heading-description\"><p>Clique na imagem para saber mais sobre este produto<\/p><\/div><\/div>\n        <\/section>\t\t\t\t<\/div>\n\t\t\t\t<\/div>\n\t\t\t\t\t<\/div>\n\t\t<\/div>\n\t\t\t\t\t<\/div>\n\t\t<\/section>\n\t\t\t\t\t<\/div>\n\t\t<\/div>\n\t\t\t\t\t<\/div>\n\t\t<\/section>\n\t\t\t\t<\/div>\n\t\t","protected":false},"excerpt":{"rendered":"<p>MAICA &#8220;A dynamic company wich designs and realizes innovative and patented automatic sewing systems.&#8221; &#8211; maicaitalia.com Criada em 1977, a Maica come\u00e7ou por criar um \u201cnovo tipo de m\u00e1quinas de prensa para bolsos\u201d. Durante mais de 40 anos de exist\u00eancia, esta empresa desenhou e produziu diversas m\u00e1quinas inovadoras, que s\u00e3o \u00fanicas no mercado e algumas [&hellip;]<\/p>\n","protected":false},"author":1,"featured_media":0,"parent":0,"menu_order":0,"comment_status":"closed","ping_status":"closed","template":"","meta":{"footnotes":""},"class_list":["post-976","page","type-page","status-publish","hentry"],"_links":{"self":[{"href":"http:\/\/devisesolutions.pt\/dev\/wp-json\/wp\/v2\/pages\/976","targetHints":{"allow":["GET"]}}],"collection":[{"href":"http:\/\/devisesolutions.pt\/dev\/wp-json\/wp\/v2\/pages"}],"about":[{"href":"http:\/\/devisesolutions.pt\/dev\/wp-json\/wp\/v2\/types\/page"}],"author":[{"embeddable":true,"href":"http:\/\/devisesolutions.pt\/dev\/wp-json\/wp\/v2\/users\/1"}],"replies":[{"embeddable":true,"href":"http:\/\/devisesolutions.pt\/dev\/wp-json\/wp\/v2\/comments?post=976"}],"version-history":[{"count":175,"href":"http:\/\/devisesolutions.pt\/dev\/wp-json\/wp\/v2\/pages\/976\/revisions"}],"predecessor-version":[{"id":2703,"href":"http:\/\/devisesolutions.pt\/dev\/wp-json\/wp\/v2\/pages\/976\/revisions\/2703"}],"wp:attachment":[{"href":"http:\/\/devisesolutions.pt\/dev\/wp-json\/wp\/v2\/media?parent=976"}],"curies":[{"name":"wp","href":"https:\/\/api.w.org\/{rel}","templated":true}]}}