{"id":1309,"date":"2021-03-19T11:31:00","date_gmt":"2021-03-19T11:31:00","guid":{"rendered":"http:\/\/devisesolutions.pt\/dev\/?page_id=1309"},"modified":"2021-11-24T08:41:28","modified_gmt":"2021-11-24T08:41:28","slug":"maica-uam01","status":"publish","type":"page","link":"http:\/\/devisesolutions.pt\/dev\/maica-uam01\/","title":{"rendered":"Maica UAM01"},"content":{"rendered":"\t\t<div data-elementor-type=\"wp-page\" data-elementor-id=\"1309\" class=\"elementor elementor-1309\">\n\t\t\t\t\t\t<section class=\"elementor-section elementor-top-section elementor-element elementor-element-5e022b07 elementor-section-stretched elementor-section-boxed elementor-section-height-default elementor-section-height-default\" data-id=\"5e022b07\" data-element_type=\"section\" data-e-type=\"section\" data-settings=\"{&quot;stretch_section&quot;:&quot;section-stretched&quot;,&quot;background_background&quot;:&quot;classic&quot;,&quot;shape_divider_top&quot;:&quot;tilt&quot;}\">\n\t\t\t\t\t<div class=\"elementor-shape elementor-shape-top\" aria-hidden=\"true\" data-negative=\"false\">\n\t\t\t<svg xmlns=\"http:\/\/www.w3.org\/2000\/svg\" viewBox=\"0 0 1000 100\" preserveAspectRatio=\"none\">\n\t<path class=\"elementor-shape-fill\" d=\"M0,6V0h1000v100L0,6z\"\/>\n<\/svg>\t\t<\/div>\n\t\t\t\t\t<div class=\"elementor-container elementor-column-gap-default\">\n\t\t\t\t\t<div class=\"aux-parallax-section elementor-column elementor-col-100 elementor-top-column elementor-element elementor-element-5348683 aux-appear-watch-animation aux-fade-in-right\" data-id=\"5348683\" data-element_type=\"column\" data-e-type=\"column\">\n\t\t\t<div class=\"elementor-widget-wrap elementor-element-populated\">\n\t\t\t\t\t\t<div class=\"elementor-element elementor-element-265d3961 elementor-widget elementor-widget-aux_modern_heading\" data-id=\"265d3961\" data-element_type=\"widget\" data-e-type=\"widget\" data-widget_type=\"aux_modern_heading.default\">\n\t\t\t\t<div class=\"elementor-widget-container\">\n\t\t\t\t\t<section class=\"aux-widget-modern-heading\">\n            <div class=\"aux-widget-inner\"><h2 class=\"aux-modern-heading-primary\">UAM 01<\/h2><\/div>\n        <\/section>\t\t\t\t<\/div>\n\t\t\t\t<\/div>\n\t\t\t\t\t<\/div>\n\t\t<\/div>\n\t\t\t\t\t<\/div>\n\t\t<\/section>\n\t\t\t\t<section class=\"elementor-section elementor-top-section elementor-element elementor-element-7d7228c elementor-section-boxed elementor-section-height-default elementor-section-height-default\" data-id=\"7d7228c\" data-element_type=\"section\" data-e-type=\"section\" data-settings=\"{&quot;shape_divider_top&quot;:&quot;triangle-asymmetrical&quot;}\">\n\t\t\t\t\t<div class=\"elementor-shape elementor-shape-top\" aria-hidden=\"true\" data-negative=\"false\">\n\t\t\t<svg xmlns=\"http:\/\/www.w3.org\/2000\/svg\" viewBox=\"0 0 1000 100\" preserveAspectRatio=\"none\">\n\t<path class=\"elementor-shape-fill\" d=\"M738,99l262-93V0H0v5.6L738,99z\"\/>\n<\/svg>\t\t<\/div>\n\t\t\t\t\t<div class=\"elementor-container elementor-column-gap-default\">\n\t\t\t\t\t<div class=\"aux-parallax-section elementor-column elementor-col-50 elementor-top-column elementor-element elementor-element-830b561\" data-id=\"830b561\" data-element_type=\"column\" data-e-type=\"column\">\n\t\t\t<div class=\"elementor-widget-wrap elementor-element-populated\">\n\t\t\t\t\t\t<div class=\"elementor-element elementor-element-ba6b25b elementor-widget elementor-widget-aux_modern_heading\" data-id=\"ba6b25b\" data-element_type=\"widget\" data-e-type=\"widget\" data-widget_type=\"aux_modern_heading.default\">\n\t\t\t\t<div class=\"elementor-widget-container\">\n\t\t\t\t\t<section class=\"aux-widget-modern-heading\">\n            <div class=\"aux-widget-inner\"><h2 class=\"aux-modern-heading-primary\">M\u00e1quina Autom\u00e1tica de Pregar Bolsos<\/h2><div class=\"aux-modern-heading-divider\"><\/div><\/div>\n        <\/section>\t\t\t\t<\/div>\n\t\t\t\t<\/div>\n\t\t\t\t<div class=\"elementor-element elementor-element-7e52f20 elementor-widget elementor-widget-text-editor\" data-id=\"7e52f20\" data-element_type=\"widget\" data-e-type=\"widget\" data-widget_type=\"text-editor.default\">\n\t\t\t\t<div class=\"elementor-widget-container\">\n\t\t\t\t\t\t\t\t\t<p>A unidade automatizada UAM 01 com a sua cabe\u00e7a de costura patenteada pela M.A.I.C.A. foi criada para prender o bolso, sem necessidade de pr\u00e9-vincagem a quente.<\/p>\n<p>Os lasers ajudam o operador a colocar e alinhar o tecido perfeitamente. Um sistema de v\u00e1cuo, em conjunto com l\u00e2minas, dobra-o para o deixar pronto para a costura. A flexibilidade da m\u00e1quina tamb\u00e9m permite a costura de etiquetas e colarinhos. Al\u00e9m disso, uma nova aplica\u00e7\u00e3o permite \u00e0 m\u00e1quina costurar o bolso com a lapela ao mesmo tempo. Gra\u00e7as \u00e0 sua \u00e1rea de 35 x 35 cm, esta unidade \u00e9 a solu\u00e7\u00e3o perfeita para costura de bolsos de roupas de trabalho. O programa que cont\u00e9m os dados de todas as formas e bolsos pode ser alterado diretamente na m\u00e1quina, que \u00e9 controlada por computador. Esta op\u00e7\u00e3o permite \u00e0 M.A.I.C.A. agir remota e diretamente de It\u00e1lia caso um problema seja detetado. Os custos das matrizes a a sua f\u00e1cil e r\u00e1pida altera\u00e7\u00e3o torna esta unidade muito flex\u00edvel.<\/p>\t\t\t\t\t\t\t\t<\/div>\n\t\t\t\t<\/div>\n\t\t\t\t\t<\/div>\n\t\t<\/div>\n\t\t\t\t<div class=\"aux-parallax-section elementor-column elementor-col-50 elementor-top-column elementor-element elementor-element-fc3fc60\" data-id=\"fc3fc60\" data-element_type=\"column\" data-e-type=\"column\">\n\t\t\t<div class=\"elementor-widget-wrap elementor-element-populated\">\n\t\t\t\t\t\t<div class=\"elementor-element elementor-element-e3b1bac elementor-widget elementor-widget-image\" data-id=\"e3b1bac\" data-element_type=\"widget\" data-e-type=\"widget\" data-widget_type=\"image.default\">\n\t\t\t\t<div class=\"elementor-widget-container\">\n\t\t\t\t\t\t\t\t\t\t\t\t\t\t\t<img fetchpriority=\"high\" decoding=\"async\" width=\"768\" height=\"768\" src=\"http:\/\/devisesolutions.pt\/dev\/wp-content\/uploads\/2021\/03\/UAM01comlogo-1-768x768.png\" class=\"attachment-medium_large size-medium_large wp-image-991\" alt=\"\" srcset=\"http:\/\/devisesolutions.pt\/dev\/wp-content\/uploads\/2021\/03\/UAM01comlogo-1-768x768.png 768w, http:\/\/devisesolutions.pt\/dev\/wp-content\/uploads\/2021\/03\/UAM01comlogo-1-300x300.png 300w, http:\/\/devisesolutions.pt\/dev\/wp-content\/uploads\/2021\/03\/UAM01comlogo-1-1024x1024.png 1024w, http:\/\/devisesolutions.pt\/dev\/wp-content\/uploads\/2021\/03\/UAM01comlogo-1-150x150.png 150w, http:\/\/devisesolutions.pt\/dev\/wp-content\/uploads\/2021\/03\/UAM01comlogo-1.png 1280w\" sizes=\"(max-width: 768px) 100vw, 768px\" \/>\t\t\t\t\t\t\t\t\t\t\t\t\t\t\t<\/div>\n\t\t\t\t<\/div>\n\t\t\t\t\t<\/div>\n\t\t<\/div>\n\t\t\t\t\t<\/div>\n\t\t<\/section>\n\t\t\t\t<section class=\"elementor-section elementor-top-section elementor-element elementor-element-0224215 elementor-section-boxed elementor-section-height-default elementor-section-height-default\" data-id=\"0224215\" data-element_type=\"section\" data-e-type=\"section\" data-settings=\"{&quot;shape_divider_bottom&quot;:&quot;tilt&quot;}\">\n\t\t\t\t\t<div class=\"elementor-shape elementor-shape-bottom\" aria-hidden=\"true\" data-negative=\"false\">\n\t\t\t<svg xmlns=\"http:\/\/www.w3.org\/2000\/svg\" viewBox=\"0 0 1000 100\" preserveAspectRatio=\"none\">\n\t<path class=\"elementor-shape-fill\" d=\"M0,6V0h1000v100L0,6z\"\/>\n<\/svg>\t\t<\/div>\n\t\t\t\t\t<div class=\"elementor-container elementor-column-gap-default\">\n\t\t\t\t\t<div class=\"aux-parallax-section elementor-column elementor-col-100 elementor-top-column elementor-element elementor-element-2dded7e\" data-id=\"2dded7e\" data-element_type=\"column\" data-e-type=\"column\">\n\t\t\t<div class=\"elementor-widget-wrap elementor-element-populated\">\n\t\t\t\t\t\t<div class=\"elementor-element elementor-element-8fcf0d4 elementor-widget elementor-widget-video\" data-id=\"8fcf0d4\" data-element_type=\"widget\" data-e-type=\"widget\" data-settings=\"{&quot;youtube_url&quot;:&quot;https:\\\/\\\/youtu.be\\\/Yas_e-zD5tQ&quot;,&quot;video_type&quot;:&quot;youtube&quot;,&quot;controls&quot;:&quot;yes&quot;}\" data-widget_type=\"video.default\">\n\t\t\t\t<div class=\"elementor-widget-container\">\n\t\t\t\t\t\t\t<div class=\"elementor-wrapper elementor-open-inline\">\n\t\t\t<div class=\"elementor-video\"><\/div>\t\t<\/div>\n\t\t\t\t\t\t<\/div>\n\t\t\t\t<\/div>\n\t\t\t\t<div class=\"elementor-element elementor-element-9daced8 elementor-widget elementor-widget-video\" data-id=\"9daced8\" data-element_type=\"widget\" data-e-type=\"widget\" data-settings=\"{&quot;youtube_url&quot;:&quot;https:\\\/\\\/youtu.be\\\/oHjUaqa9FgQ&quot;,&quot;video_type&quot;:&quot;youtube&quot;,&quot;controls&quot;:&quot;yes&quot;}\" data-widget_type=\"video.default\">\n\t\t\t\t<div class=\"elementor-widget-container\">\n\t\t\t\t\t\t\t<div class=\"elementor-wrapper elementor-open-inline\">\n\t\t\t<div class=\"elementor-video\"><\/div>\t\t<\/div>\n\t\t\t\t\t\t<\/div>\n\t\t\t\t<\/div>\n\t\t\t\t<div class=\"elementor-element elementor-element-aeac82c elementor-widget elementor-widget-aux_modern_heading\" data-id=\"aeac82c\" data-element_type=\"widget\" data-e-type=\"widget\" data-widget_type=\"aux_modern_heading.default\">\n\t\t\t\t<div class=\"elementor-widget-container\">\n\t\t\t\t\t<section class=\"aux-widget-modern-heading\">\n            <div class=\"aux-widget-inner\"><h2 class=\"aux-modern-heading-primary\">Technical Features<\/h2><\/div>\n        <\/section>\t\t\t\t<\/div>\n\t\t\t\t<\/div>\n\t\t\t\t<div class=\"elementor-element elementor-element-1cb5a1c elementor-widget elementor-widget-text-editor\" data-id=\"1cb5a1c\" data-element_type=\"widget\" data-e-type=\"widget\" data-widget_type=\"text-editor.default\">\n\t\t\t\t<div class=\"elementor-widget-container\">\n\t\t\t\t\t\t\t\t\t<table><tbody><tr><td width=\"283\"><p>Production<\/p><\/td><td width=\"283\"><p>200 \u2013 250 pcs\/h<\/p><\/td><\/tr><tr><td width=\"283\"><p>Electrical Supply<\/p><\/td><td width=\"283\"><p>380 V + N<\/p><\/td><\/tr><tr><td width=\"283\"><p>Pneumatic Supply<\/p><\/td><td width=\"283\"><p>7 Bar<\/p><\/td><\/tr><tr><td width=\"283\"><p>Air Consumption<\/p><\/td><td width=\"283\"><p>3L\/pc<\/p><\/td><\/tr><tr><td width=\"283\"><p>Packing<\/p><\/td><td width=\"283\"><p>190x165x200 h cm<\/p><\/td><\/tr><tr><td width=\"283\"><p>Weight<\/p><\/td><td width=\"283\"><p>560 Kg<\/p><\/td><\/tr><\/tbody><\/table>\t\t\t\t\t\t\t\t<\/div>\n\t\t\t\t<\/div>\n\t\t\t\t\t<\/div>\n\t\t<\/div>\n\t\t\t\t\t<\/div>\n\t\t<\/section>\n\t\t\t\t<\/div>\n\t\t","protected":false},"excerpt":{"rendered":"<p>UAM 01 M\u00e1quina Autom\u00e1tica de Pregar Bolsos A unidade automatizada UAM 01 com a sua cabe\u00e7a de costura patenteada pela M.A.I.C.A. foi criada para prender o bolso, sem necessidade de pr\u00e9-vincagem a quente. Os lasers ajudam o operador a colocar e alinhar o tecido perfeitamente. Um sistema de v\u00e1cuo, em conjunto com l\u00e2minas, dobra-o para [&hellip;]<\/p>\n","protected":false},"author":1,"featured_media":0,"parent":0,"menu_order":0,"comment_status":"closed","ping_status":"closed","template":"","meta":{"footnotes":""},"class_list":["post-1309","page","type-page","status-publish","hentry"],"_links":{"self":[{"href":"http:\/\/devisesolutions.pt\/dev\/wp-json\/wp\/v2\/pages\/1309","targetHints":{"allow":["GET"]}}],"collection":[{"href":"http:\/\/devisesolutions.pt\/dev\/wp-json\/wp\/v2\/pages"}],"about":[{"href":"http:\/\/devisesolutions.pt\/dev\/wp-json\/wp\/v2\/types\/page"}],"author":[{"embeddable":true,"href":"http:\/\/devisesolutions.pt\/dev\/wp-json\/wp\/v2\/users\/1"}],"replies":[{"embeddable":true,"href":"http:\/\/devisesolutions.pt\/dev\/wp-json\/wp\/v2\/comments?post=1309"}],"version-history":[{"count":31,"href":"http:\/\/devisesolutions.pt\/dev\/wp-json\/wp\/v2\/pages\/1309\/revisions"}],"predecessor-version":[{"id":2698,"href":"http:\/\/devisesolutions.pt\/dev\/wp-json\/wp\/v2\/pages\/1309\/revisions\/2698"}],"wp:attachment":[{"href":"http:\/\/devisesolutions.pt\/dev\/wp-json\/wp\/v2\/media?parent=1309"}],"curies":[{"name":"wp","href":"https:\/\/api.w.org\/{rel}","templated":true}]}}