{"id":1311,"date":"2021-03-19T11:31:11","date_gmt":"2021-03-19T11:31:11","guid":{"rendered":"http:\/\/devisesolutions.pt\/dev\/?page_id=1311"},"modified":"2021-05-11T11:20:20","modified_gmt":"2021-05-11T11:20:20","slug":"maica-uam03","status":"publish","type":"page","link":"http:\/\/devisesolutions.pt\/dev\/en\/maica-uam03\/","title":{"rendered":"Maica UAM03"},"content":{"rendered":"<div data-elementor-type=\"wp-page\" data-elementor-id=\"1311\" class=\"elementor elementor-1311\">\n\t\t\t\t\t\t<section class=\"elementor-section elementor-top-section elementor-element elementor-element-4c1b608e elementor-section-stretched elementor-section-boxed elementor-section-height-default elementor-section-height-default\" data-id=\"4c1b608e\" data-element_type=\"section\" data-e-type=\"section\" data-settings=\"{&quot;stretch_section&quot;:&quot;section-stretched&quot;,&quot;background_background&quot;:&quot;classic&quot;,&quot;shape_divider_top&quot;:&quot;tilt&quot;}\">\n\t\t\t\t\t<div class=\"elementor-shape elementor-shape-top\" aria-hidden=\"true\" data-negative=\"false\">\n\t\t\t<svg xmlns=\"http:\/\/www.w3.org\/2000\/svg\" viewbox=\"0 0 1000 100\" preserveaspectratio=\"none\">\n\t<path class=\"elementor-shape-fill\" d=\"M0,6V0h1000v100L0,6z\"\/>\n<\/svg>\t\t<\/div>\n\t\t\t\t\t<div class=\"elementor-container elementor-column-gap-default\">\n\t\t\t\t\t<div class=\"aux-parallax-section elementor-column elementor-col-100 elementor-top-column elementor-element elementor-element-1b267c aux-appear-watch-animation aux-fade-in-right\" data-id=\"1b267c\" data-element_type=\"column\" data-e-type=\"column\">\n\t\t\t<div class=\"elementor-widget-wrap elementor-element-populated\">\n\t\t\t\t\t\t<div class=\"elementor-element elementor-element-48eeb11b elementor-widget elementor-widget-aux_modern_heading\" data-id=\"48eeb11b\" data-element_type=\"widget\" data-e-type=\"widget\" data-widget_type=\"aux_modern_heading.default\">\n\t\t\t\t<div class=\"elementor-widget-container\">\n\t\t\t\t\t<section class=\"aux-widget-modern-heading\">\n            <div class=\"aux-widget-inner\"><h2 class=\"aux-modern-heading-primary\">UAM 03<\/h2><\/div>\n        <\/section>\t\t\t\t<\/div>\n\t\t\t\t<\/div>\n\t\t\t\t\t<\/div>\n\t\t<\/div>\n\t\t\t\t\t<\/div>\n\t\t<\/section>\n\t\t\t\t<section class=\"elementor-section elementor-top-section elementor-element elementor-element-61a48c34 elementor-section-boxed elementor-section-height-default elementor-section-height-default\" data-id=\"61a48c34\" data-element_type=\"section\" data-e-type=\"section\" data-settings=\"{&quot;shape_divider_top&quot;:&quot;triangle-asymmetrical&quot;}\">\n\t\t\t\t\t<div class=\"elementor-shape elementor-shape-top\" aria-hidden=\"true\" data-negative=\"false\">\n\t\t\t<svg xmlns=\"http:\/\/www.w3.org\/2000\/svg\" viewbox=\"0 0 1000 100\" preserveaspectratio=\"none\">\n\t<path class=\"elementor-shape-fill\" d=\"M738,99l262-93V0H0v5.6L738,99z\"\/>\n<\/svg>\t\t<\/div>\n\t\t\t\t\t<div class=\"elementor-container elementor-column-gap-default\">\n\t\t\t\t\t<div class=\"aux-parallax-section elementor-column elementor-col-50 elementor-top-column elementor-element elementor-element-1d2449aa\" data-id=\"1d2449aa\" data-element_type=\"column\" data-e-type=\"column\">\n\t\t\t<div class=\"elementor-widget-wrap elementor-element-populated\">\n\t\t\t\t\t\t<div class=\"elementor-element elementor-element-56833c57 elementor-widget elementor-widget-aux_modern_heading\" data-id=\"56833c57\" data-element_type=\"widget\" data-e-type=\"widget\" data-widget_type=\"aux_modern_heading.default\">\n\t\t\t\t<div class=\"elementor-widget-container\">\n\t\t\t\t\t<section class=\"aux-widget-modern-heading\">\n            <div class=\"aux-widget-inner\"><h2 class=\"aux-modern-heading-primary\">Collar and Cuff Runstitch Machine<\/h2><div class=\"aux-modern-heading-divider\"><\/div><\/div>\n        <\/section>\t\t\t\t<\/div>\n\t\t\t\t<\/div>\n\t\t\t\t<div class=\"elementor-element elementor-element-6c9b495e elementor-widget elementor-widget-text-editor\" data-id=\"6c9b495e\" data-element_type=\"widget\" data-e-type=\"widget\" data-widget_type=\"text-editor.default\">\n\t\t\t\t<div class=\"elementor-widget-container\">\n\t\t\t\t\t\t\t\t\t<p>This machine is a unique fully automated system that allows to sew collars and cuffs. The pieces are also trimmed and stacked automatically.<\/p>\n<p>It is possible to quickly  change the sewing shape thanks to a fast changing jig's system. If the size changes there's no need to change the jig, since the machine has an automatic size changing system.<\/p>\n<p>This unit is controlled electronically by the computer, which means that the system allows M.A.I.C.A. to act directly from Italy if a problem is detected.<\/p>\n<p>Collars and cuffs are trimmed separately from the sewing phase, giving the possibility to have completely different cut and sewing lines, if needed. The machine ir flexible and gives different applications options.<\/p>\n<p>Contact us for more!<\/p>\t\t\t\t\t\t\t\t<\/div>\n\t\t\t\t<\/div>\n\t\t\t\t\t<\/div>\n\t\t<\/div>\n\t\t\t\t<div class=\"aux-parallax-section elementor-column elementor-col-50 elementor-top-column elementor-element elementor-element-e6839ca\" data-id=\"e6839ca\" data-element_type=\"column\" data-e-type=\"column\">\n\t\t\t<div class=\"elementor-widget-wrap elementor-element-populated\">\n\t\t\t\t\t\t<div class=\"elementor-element elementor-element-1becf15c elementor-widget elementor-widget-image\" data-id=\"1becf15c\" data-element_type=\"widget\" data-e-type=\"widget\" data-widget_type=\"image.default\">\n\t\t\t\t<div class=\"elementor-widget-container\">\n\t\t\t\t\t\t\t\t\t\t\t\t\t\t\t<img fetchpriority=\"high\" decoding=\"async\" width=\"768\" height=\"768\" src=\"http:\/\/devisesolutions.pt\/dev\/wp-content\/uploads\/2021\/03\/UAM03comlogo-768x768.png\" class=\"attachment-medium_large size-medium_large wp-image-1047\" alt=\"\" srcset=\"\" sizes=\"(max-width: 768px) 100vw, 768px\" data-srcset=\"\" \/>\t\t\t\t\t\t\t\t\t\t\t\t\t\t\t<\/div>\n\t\t\t\t<\/div>\n\t\t\t\t\t<\/div>\n\t\t<\/div>\n\t\t\t\t\t<\/div>\n\t\t<\/section>\n\t\t\t\t<section class=\"elementor-section elementor-top-section elementor-element elementor-element-44e3478c elementor-section-boxed elementor-section-height-default elementor-section-height-default\" data-id=\"44e3478c\" data-element_type=\"section\" data-e-type=\"section\" data-settings=\"{&quot;shape_divider_bottom&quot;:&quot;tilt&quot;}\">\n\t\t\t\t\t<div class=\"elementor-shape elementor-shape-bottom\" aria-hidden=\"true\" data-negative=\"false\">\n\t\t\t<svg xmlns=\"http:\/\/www.w3.org\/2000\/svg\" viewbox=\"0 0 1000 100\" preserveaspectratio=\"none\">\n\t<path class=\"elementor-shape-fill\" d=\"M0,6V0h1000v100L0,6z\"\/>\n<\/svg>\t\t<\/div>\n\t\t\t\t\t<div class=\"elementor-container elementor-column-gap-default\">\n\t\t\t\t\t<div class=\"aux-parallax-section elementor-column elementor-col-100 elementor-top-column elementor-element elementor-element-18ec0649\" data-id=\"18ec0649\" data-element_type=\"column\" data-e-type=\"column\">\n\t\t\t<div class=\"elementor-widget-wrap elementor-element-populated\">\n\t\t\t\t\t\t<div class=\"elementor-element elementor-element-759d03cd elementor-widget elementor-widget-video\" data-id=\"759d03cd\" data-element_type=\"widget\" data-e-type=\"widget\" data-settings=\"{&quot;youtube_url&quot;:&quot;https:\\\/\\\/youtu.be\\\/YphJcw7yWEQ&quot;,&quot;video_type&quot;:&quot;youtube&quot;,&quot;controls&quot;:&quot;yes&quot;}\" data-widget_type=\"video.default\">\n\t\t\t\t<div class=\"elementor-widget-container\">\n\t\t\t\t\t\t\t<div class=\"elementor-wrapper elementor-open-inline\">\n\t\t\t<div class=\"elementor-video\"><\/div>\t\t<\/div>\n\t\t\t\t\t\t<\/div>\n\t\t\t\t<\/div>\n\t\t\t\t<div class=\"elementor-element elementor-element-57ae4462 elementor-widget elementor-widget-aux_modern_heading\" data-id=\"57ae4462\" data-element_type=\"widget\" data-e-type=\"widget\" data-widget_type=\"aux_modern_heading.default\">\n\t\t\t\t<div class=\"elementor-widget-container\">\n\t\t\t\t\t<section class=\"aux-widget-modern-heading\">\n            <div class=\"aux-widget-inner\"><h2 class=\"aux-modern-heading-primary\">Technical Features<\/h2><\/div>\n        <\/section>\t\t\t\t<\/div>\n\t\t\t\t<\/div>\n\t\t\t\t<div class=\"elementor-element elementor-element-b5855a4 elementor-widget elementor-widget-text-editor\" data-id=\"b5855a4\" data-element_type=\"widget\" data-e-type=\"widget\" data-widget_type=\"text-editor.default\">\n\t\t\t\t<div class=\"elementor-widget-container\">\n\t\t\t\t\t\t\t\t\t<table><tbody><tr><td width=\"283\"><p>Production<\/p><\/td><td width=\"283\"><p>2800 cuffs\/day<\/p><\/td><\/tr><tr><td width=\"283\"><p>Production<\/p><\/td><td width=\"283\"><p>1600 collars\/day<\/p><\/td><\/tr><tr><td width=\"283\"><p>Electrical Supply<\/p><\/td><td width=\"283\"><p>380 V 50 Hz<\/p><\/td><\/tr><tr><td width=\"283\"><p>Electrical Power<\/p><\/td><td width=\"283\"><p>5 Kw<\/p><\/td><\/tr><tr><td width=\"283\"><p>Pneumatic Supply<\/p><\/td><td width=\"283\"><p>7 Bar<\/p><\/td><\/tr><tr><td width=\"283\"><p>Air Consumption<\/p><\/td><td width=\"283\"><p>1 L\/pc<\/p><\/td><\/tr><tr><td width=\"283\"><p>Packing<\/p><\/td><td width=\"283\"><p>320x150x190 h cm<\/p><\/td><\/tr><tr><td width=\"283\"><p>Weight<\/p><\/td><td width=\"283\"><p>555 Kg<\/p><\/td><\/tr><\/tbody><\/table>\t\t\t\t\t\t\t\t<\/div>\n\t\t\t\t<\/div>\n\t\t\t\t\t<\/div>\n\t\t<\/div>\n\t\t\t\t\t<\/div>\n\t\t<\/section>\n\t\t\t\t<\/div>","protected":false},"excerpt":{"rendered":"<p>UAM 03 M\u00e1quina Autom\u00e1tica para Punhos e Colarinhos Esta m\u00e1quina \u00e9 um sistema \u00fanico completamente autom\u00e1tico que permite costurar colarinhos e punhos . As pe\u00e7as tamb\u00e9m s\u00e3o aparadas com o sistema de corte e empilhadas automaticamente. \u00c9 poss\u00edvel alterar o formato de costura de forma r\u00e1pida gra\u00e7as ao seu sistema de mudan\u00e7a r\u00e1pida de matrizes. [&hellip;]<\/p>\n","protected":false},"author":1,"featured_media":0,"parent":0,"menu_order":0,"comment_status":"closed","ping_status":"closed","template":"","meta":{"footnotes":""},"class_list":["post-1311","page","type-page","status-publish","hentry"],"_links":{"self":[{"href":"http:\/\/devisesolutions.pt\/dev\/en\/wp-json\/wp\/v2\/pages\/1311","targetHints":{"allow":["GET"]}}],"collection":[{"href":"http:\/\/devisesolutions.pt\/dev\/en\/wp-json\/wp\/v2\/pages"}],"about":[{"href":"http:\/\/devisesolutions.pt\/dev\/en\/wp-json\/wp\/v2\/types\/page"}],"author":[{"embeddable":true,"href":"http:\/\/devisesolutions.pt\/dev\/en\/wp-json\/wp\/v2\/users\/1"}],"replies":[{"embeddable":true,"href":"http:\/\/devisesolutions.pt\/dev\/en\/wp-json\/wp\/v2\/comments?post=1311"}],"version-history":[{"count":28,"href":"http:\/\/devisesolutions.pt\/dev\/en\/wp-json\/wp\/v2\/pages\/1311\/revisions"}],"predecessor-version":[{"id":2586,"href":"http:\/\/devisesolutions.pt\/dev\/en\/wp-json\/wp\/v2\/pages\/1311\/revisions\/2586"}],"wp:attachment":[{"href":"http:\/\/devisesolutions.pt\/dev\/en\/wp-json\/wp\/v2\/media?parent=1311"}],"curies":[{"name":"wp","href":"https:\/\/api.w.org\/{rel}","templated":true}]}}