{"id":1307,"date":"2021-03-19T11:30:48","date_gmt":"2021-03-19T11:30:48","guid":{"rendered":"http:\/\/devisesolutions.pt\/dev\/?page_id=1307"},"modified":"2021-05-11T11:16:38","modified_gmt":"2021-05-11T11:16:38","slug":"maica-ma18","status":"publish","type":"page","link":"http:\/\/devisesolutions.pt\/dev\/en\/maica-ma18\/","title":{"rendered":"Maica MA18"},"content":{"rendered":"<div data-elementor-type=\"wp-page\" data-elementor-id=\"1307\" class=\"elementor elementor-1307\">\n\t\t\t\t\t\t<section class=\"elementor-section elementor-top-section elementor-element elementor-element-7fa7aa50 elementor-section-stretched elementor-section-boxed elementor-section-height-default elementor-section-height-default\" data-id=\"7fa7aa50\" data-element_type=\"section\" data-e-type=\"section\" data-settings=\"{&quot;stretch_section&quot;:&quot;section-stretched&quot;,&quot;background_background&quot;:&quot;classic&quot;,&quot;shape_divider_top&quot;:&quot;tilt&quot;}\">\n\t\t\t\t\t<div class=\"elementor-shape elementor-shape-top\" aria-hidden=\"true\" data-negative=\"false\">\n\t\t\t<svg xmlns=\"http:\/\/www.w3.org\/2000\/svg\" viewbox=\"0 0 1000 100\" preserveaspectratio=\"none\">\n\t<path class=\"elementor-shape-fill\" d=\"M0,6V0h1000v100L0,6z\"\/>\n<\/svg>\t\t<\/div>\n\t\t\t\t\t<div class=\"elementor-container elementor-column-gap-default\">\n\t\t\t\t\t<div class=\"aux-parallax-section elementor-column elementor-col-100 elementor-top-column elementor-element elementor-element-23a7c1cf aux-appear-watch-animation aux-fade-in-right\" data-id=\"23a7c1cf\" data-element_type=\"column\" data-e-type=\"column\">\n\t\t\t<div class=\"elementor-widget-wrap elementor-element-populated\">\n\t\t\t\t\t\t<div class=\"elementor-element elementor-element-6f31a83d elementor-widget elementor-widget-aux_modern_heading\" data-id=\"6f31a83d\" data-element_type=\"widget\" data-e-type=\"widget\" data-widget_type=\"aux_modern_heading.default\">\n\t\t\t\t<div class=\"elementor-widget-container\">\n\t\t\t\t\t<section class=\"aux-widget-modern-heading\">\n            <div class=\"aux-widget-inner\"><h2 class=\"aux-modern-heading-primary\">MA 18<\/h2><\/div>\n        <\/section>\t\t\t\t<\/div>\n\t\t\t\t<\/div>\n\t\t\t\t\t<\/div>\n\t\t<\/div>\n\t\t\t\t\t<\/div>\n\t\t<\/section>\n\t\t\t\t<section class=\"elementor-section elementor-top-section elementor-element elementor-element-46f918de elementor-section-boxed elementor-section-height-default elementor-section-height-default\" data-id=\"46f918de\" data-element_type=\"section\" data-e-type=\"section\" data-settings=\"{&quot;shape_divider_top&quot;:&quot;triangle-asymmetrical&quot;}\">\n\t\t\t\t\t<div class=\"elementor-shape elementor-shape-top\" aria-hidden=\"true\" data-negative=\"false\">\n\t\t\t<svg xmlns=\"http:\/\/www.w3.org\/2000\/svg\" viewbox=\"0 0 1000 100\" preserveaspectratio=\"none\">\n\t<path class=\"elementor-shape-fill\" d=\"M738,99l262-93V0H0v5.6L738,99z\"\/>\n<\/svg>\t\t<\/div>\n\t\t\t\t\t<div class=\"elementor-container elementor-column-gap-default\">\n\t\t\t\t\t<div class=\"aux-parallax-section elementor-column elementor-col-50 elementor-top-column elementor-element elementor-element-27e675d2\" data-id=\"27e675d2\" data-element_type=\"column\" data-e-type=\"column\">\n\t\t\t<div class=\"elementor-widget-wrap elementor-element-populated\">\n\t\t\t\t\t\t<div class=\"elementor-element elementor-element-371eacd2 elementor-widget elementor-widget-aux_modern_heading\" data-id=\"371eacd2\" data-element_type=\"widget\" data-e-type=\"widget\" data-widget_type=\"aux_modern_heading.default\">\n\t\t\t\t<div class=\"elementor-widget-container\">\n\t\t\t\t\t<section class=\"aux-widget-modern-heading\">\n            <div class=\"aux-widget-inner\"><h2 class=\"aux-modern-heading-primary\">Labels and Pocket Hemming Machine<\/h2><div class=\"aux-modern-heading-divider\"><\/div><\/div>\n        <\/section>\t\t\t\t<\/div>\n\t\t\t\t<\/div>\n\t\t\t\t<div class=\"elementor-element elementor-element-403f6a44 elementor-widget elementor-widget-text-editor\" data-id=\"403f6a44\" data-element_type=\"widget\" data-e-type=\"widget\" data-widget_type=\"text-editor.default\">\n\t\t\t\t<div class=\"elementor-widget-container\">\n\t\t\t\t\t\t\t\t\t<p>The automated unit MA 18 waas created for smaller applications. With a total area of 200x300 mm, this is one of the most versatile machines owned by M.A.I.C.A.,  since it can attach labels, attach the right and the left side of the colar bone and fold and stitch the hem of the pocket, and much more.<\/p><p>The machine is easy to operate as you will just need to change the jigs to go from one operation to another one, always with a minimum cost. The machine process allows the operator to prepare another piece while the machine is sewing the first one. The stacker to finish the process guarantees a high productivity.<\/p>\t\t\t\t\t\t\t\t<\/div>\n\t\t\t\t<\/div>\n\t\t\t\t\t<\/div>\n\t\t<\/div>\n\t\t\t\t<div class=\"aux-parallax-section elementor-column elementor-col-50 elementor-top-column elementor-element elementor-element-9e5fde0\" data-id=\"9e5fde0\" data-element_type=\"column\" data-e-type=\"column\">\n\t\t\t<div class=\"elementor-widget-wrap elementor-element-populated\">\n\t\t\t\t\t\t<div class=\"elementor-element elementor-element-45d0aaa8 elementor-widget elementor-widget-image\" data-id=\"45d0aaa8\" data-element_type=\"widget\" data-e-type=\"widget\" data-widget_type=\"image.default\">\n\t\t\t\t<div class=\"elementor-widget-container\">\n\t\t\t\t\t\t\t\t\t\t\t\t\t\t\t<img fetchpriority=\"high\" decoding=\"async\" width=\"768\" height=\"768\" src=\"http:\/\/devisesolutions.pt\/dev\/wp-content\/uploads\/2021\/03\/ma18_2-1-768x768.png\" class=\"attachment-medium_large size-medium_large wp-image-1179\" alt=\"\" srcset=\"\" sizes=\"(max-width: 768px) 100vw, 768px\" data-srcset=\"\" \/>\t\t\t\t\t\t\t\t\t\t\t\t\t\t\t<\/div>\n\t\t\t\t<\/div>\n\t\t\t\t\t<\/div>\n\t\t<\/div>\n\t\t\t\t\t<\/div>\n\t\t<\/section>\n\t\t\t\t<section class=\"elementor-section elementor-top-section elementor-element elementor-element-310796bf elementor-section-boxed elementor-section-height-default elementor-section-height-default\" data-id=\"310796bf\" data-element_type=\"section\" data-e-type=\"section\" data-settings=\"{&quot;shape_divider_bottom&quot;:&quot;tilt&quot;}\">\n\t\t\t\t\t<div class=\"elementor-shape elementor-shape-bottom\" aria-hidden=\"true\" data-negative=\"false\">\n\t\t\t<svg xmlns=\"http:\/\/www.w3.org\/2000\/svg\" viewbox=\"0 0 1000 100\" preserveaspectratio=\"none\">\n\t<path class=\"elementor-shape-fill\" d=\"M0,6V0h1000v100L0,6z\"\/>\n<\/svg>\t\t<\/div>\n\t\t\t\t\t<div class=\"elementor-container elementor-column-gap-default\">\n\t\t\t\t\t<div class=\"aux-parallax-section elementor-column elementor-col-100 elementor-top-column elementor-element elementor-element-56b6862e\" data-id=\"56b6862e\" data-element_type=\"column\" data-e-type=\"column\">\n\t\t\t<div class=\"elementor-widget-wrap elementor-element-populated\">\n\t\t\t\t\t\t<div class=\"elementor-element elementor-element-e798519 elementor-widget elementor-widget-video\" data-id=\"e798519\" data-element_type=\"widget\" data-e-type=\"widget\" data-settings=\"{&quot;youtube_url&quot;:&quot;https:\\\/\\\/youtu.be\\\/AEef7zCR_H8&quot;,&quot;video_type&quot;:&quot;youtube&quot;,&quot;controls&quot;:&quot;yes&quot;}\" data-widget_type=\"video.default\">\n\t\t\t\t<div class=\"elementor-widget-container\">\n\t\t\t\t\t\t\t<div class=\"elementor-wrapper elementor-open-inline\">\n\t\t\t<div class=\"elementor-video\"><\/div>\t\t<\/div>\n\t\t\t\t\t\t<\/div>\n\t\t\t\t<\/div>\n\t\t\t\t<div class=\"elementor-element elementor-element-69168575 elementor-widget elementor-widget-aux_modern_heading\" data-id=\"69168575\" data-element_type=\"widget\" data-e-type=\"widget\" data-widget_type=\"aux_modern_heading.default\">\n\t\t\t\t<div class=\"elementor-widget-container\">\n\t\t\t\t\t<section class=\"aux-widget-modern-heading\">\n            <div class=\"aux-widget-inner\"><h2 class=\"aux-modern-heading-primary\">Technical Features<\/h2><\/div>\n        <\/section>\t\t\t\t<\/div>\n\t\t\t\t<\/div>\n\t\t\t\t<div class=\"elementor-element elementor-element-681200ce elementor-widget elementor-widget-text-editor\" data-id=\"681200ce\" data-element_type=\"widget\" data-e-type=\"widget\" data-widget_type=\"text-editor.default\">\n\t\t\t\t<div class=\"elementor-widget-container\">\n\t\t\t\t\t\t\t\t\t<table><tbody><tr><td width=\"283\"><p>Production<\/p><\/td><td width=\"283\"><p>3000 labels\/day<\/p><\/td><\/tr><tr><td width=\"283\"><p>Production<\/p><\/td><td width=\"283\"><p>2000 collar bones\/day<\/p><\/td><\/tr><tr><td width=\"283\"><p>Production<\/p><\/td><td width=\"283\"><p>3000 pocket hemming\/day<\/p><\/td><\/tr><tr><td width=\"283\"><p>Electrical Supply<\/p><\/td><td width=\"283\"><p>220 V 50 Hz<\/p><\/td><\/tr><tr><td width=\"283\"><p>Electrical Power<\/p><\/td><td width=\"283\"><p>600 W<\/p><\/td><\/tr><tr><td width=\"283\"><p>Pneumatic Supply<\/p><\/td><td width=\"283\"><p>6 Bar<\/p><\/td><\/tr><tr><td width=\"283\"><p>Air Consumption<\/p><\/td><td width=\"283\"><p>1 nl\/min<\/p><\/td><\/tr><tr><td width=\"283\"><p>Packing<\/p><\/td><td width=\"283\"><p>165 x 155 x 162 h cm<\/p><\/td><\/tr><tr><td width=\"283\"><p>Weight<\/p><\/td><td width=\"283\"><p>200 Kg<\/p><\/td><\/tr><\/tbody><\/table>\t\t\t\t\t\t\t\t<\/div>\n\t\t\t\t<\/div>\n\t\t\t\t\t<\/div>\n\t\t<\/div>\n\t\t\t\t\t<\/div>\n\t\t<\/section>\n\t\t\t\t<\/div>","protected":false},"excerpt":{"rendered":"<p>MA 18 M\u00e1quina Autom\u00e1tica para Etiquetas e Bainhas de Bolsos A unidade autom\u00e1tica MA18 foi criada para aplica\u00e7\u00f5es menores. Com uma \u00e1rea de 200x300mm \u00e9 uma das m\u00e1quinas mais vers\u00e1teis da gama da M.A.I.C.A, uma vez que \u00e9 poss\u00edvel anexar etiquetas, fazer bainha do bolso, unir palas, pespontar palas, pregar palas, pespontar punhos, entre outras [&hellip;]<\/p>\n","protected":false},"author":1,"featured_media":0,"parent":0,"menu_order":0,"comment_status":"closed","ping_status":"closed","template":"","meta":{"footnotes":""},"class_list":["post-1307","page","type-page","status-publish","hentry"],"_links":{"self":[{"href":"http:\/\/devisesolutions.pt\/dev\/en\/wp-json\/wp\/v2\/pages\/1307","targetHints":{"allow":["GET"]}}],"collection":[{"href":"http:\/\/devisesolutions.pt\/dev\/en\/wp-json\/wp\/v2\/pages"}],"about":[{"href":"http:\/\/devisesolutions.pt\/dev\/en\/wp-json\/wp\/v2\/types\/page"}],"author":[{"embeddable":true,"href":"http:\/\/devisesolutions.pt\/dev\/en\/wp-json\/wp\/v2\/users\/1"}],"replies":[{"embeddable":true,"href":"http:\/\/devisesolutions.pt\/dev\/en\/wp-json\/wp\/v2\/comments?post=1307"}],"version-history":[{"count":31,"href":"http:\/\/devisesolutions.pt\/dev\/en\/wp-json\/wp\/v2\/pages\/1307\/revisions"}],"predecessor-version":[{"id":2580,"href":"http:\/\/devisesolutions.pt\/dev\/en\/wp-json\/wp\/v2\/pages\/1307\/revisions\/2580"}],"wp:attachment":[{"href":"http:\/\/devisesolutions.pt\/dev\/en\/wp-json\/wp\/v2\/media?parent=1307"}],"curies":[{"name":"wp","href":"https:\/\/api.w.org\/{rel}","templated":true}]}}